{"id":5489,"date":"2024-09-22T13:42:05","date_gmt":"2024-09-22T13:42:05","guid":{"rendered":"https:\/\/mrtoilet.co.uk\/?post_type=product&#038;p=5489"},"modified":"2024-09-22T13:46:02","modified_gmt":"2024-09-22T13:46:02","slug":"halley-entegre-musluklu-duvara-sifir-klozet","status":"publish","type":"product","link":"https:\/\/mrtoilet.co.uk\/?product=halley-entegre-musluklu-duvara-sifir-klozet","title":{"rendered":"Halley Entegre Musluklu Duvara S\u0131f\u0131r Klozet"},"content":{"rendered":"<table class=\"table-data-sheet\">\n<tbody>\n<tr>\n<th>Renk Paleti<\/th>\n<td><b>:<\/b>\u00a0Beyaz,Mat Siyah,Mat Beyaz<\/td>\n<\/tr>\n<tr>\n<th>\u00dcr\u00fcn \u00d6zellikleri<\/th>\n<td><b>:<\/b>\u00a0Entegre Taharet Muslu\u011fu,Tek Tu\u015fla Tak-\u00c7\u0131kar,Kanals\u0131z Y\u0131kama Haznesi,4 Litre Su T\u00fcketimi,Yava\u015f Kapanan Kapak,Slim(\u0130nce) Kapak,Duvara S\u0131f\u0131r<\/td>\n<\/tr>\n<\/tbody>\n<\/table>\n","protected":false},"excerpt":{"rendered":"<p>Renk Paleti :\u00a0Beyaz,Mat Siyah,Mat Beyaz \u00dcr\u00fcn \u00d6zellikleri :\u00a0Entegre Taharet Muslu\u011fu,Tek Tu\u015fla Tak-\u00c7\u0131kar,Kanals\u0131z Y\u0131kama Haznesi,4 Litre Su T\u00fcketimi,Yava\u015f Kapanan Kapak,Slim(\u0130nce) Kapak,Duvara S\u0131f\u0131r<\/p>\n","protected":false},"featured_media":5490,"comment_status":"open","ping_status":"closed","template":"","meta":{"_acf_changed":false},"product_cat":[239],"product_tag":[],"class_list":{"0":"post-5489","1":"product","2":"type-product","3":"status-publish","4":"has-post-thumbnail","6":"product_cat-klozet","8":"first","9":"instock","10":"shipping-taxable","11":"purchasable","12":"product-type-simple","13":"add-to-wishlist-after_add_to_cart"},"acf":[],"_links":{"self":[{"href":"https:\/\/mrtoilet.co.uk\/index.php?rest_route=\/wp\/v2\/product\/5489","targetHints":{"allow":["GET"]}}],"collection":[{"href":"https:\/\/mrtoilet.co.uk\/index.php?rest_route=\/wp\/v2\/product"}],"about":[{"href":"https:\/\/mrtoilet.co.uk\/index.php?rest_route=\/wp\/v2\/types\/product"}],"replies":[{"embeddable":true,"href":"https:\/\/mrtoilet.co.uk\/index.php?rest_route=%2Fwp%2Fv2%2Fcomments&post=5489"}],"wp:featuredmedia":[{"embeddable":true,"href":"https:\/\/mrtoilet.co.uk\/index.php?rest_route=\/wp\/v2\/media\/5490"}],"wp:attachment":[{"href":"https:\/\/mrtoilet.co.uk\/index.php?rest_route=%2Fwp%2Fv2%2Fmedia&parent=5489"}],"wp:term":[{"taxonomy":"product_cat","embeddable":true,"href":"https:\/\/mrtoilet.co.uk\/index.php?rest_route=%2Fwp%2Fv2%2Fproduct_cat&post=5489"},{"taxonomy":"product_tag","embeddable":true,"href":"https:\/\/mrtoilet.co.uk\/index.php?rest_route=%2Fwp%2Fv2%2Fproduct_tag&post=5489"}],"curies":[{"name":"wp","href":"https:\/\/api.w.org\/{rel}","templated":true}]}}